{"id":23592,"date":"2019-08-23T17:23:22","date_gmt":"2019-08-23T15:23:22","guid":{"rendered":"http:\/\/michaela-andergassen.de\/ma\/home-4-copy-2\/"},"modified":"2023-11-20T19:11:58","modified_gmt":"2023-11-20T18:11:58","slug":"impressum-2","status":"publish","type":"page","link":"https:\/\/michaela-andergassen.de\/ma\/impressum-2\/","title":{"rendered":"Impressum"},"content":{"rendered":"<section class=\"l-section wpb_row height_medium full_height valign_center color_primary with_img parallax_ver\"><div class=\"l-section-img\" role=\"img\" aria-label=\"Bild\" data-img-width=\"1024\" data-img-height=\"389\" style=\"background-image: url(https:\/\/michaela-andergassen.de\/ma\/wp-content\/uploads\/2019\/08\/Entchen_buerokrat.jpg);background-repeat: no-repeat;background-size: contain;\"><\/div><div class=\"l-section-overlay\" style=\"background:rgba(53,48,43,0.5)\"><\/div><div class=\"l-section-h i-cf\"><div class=\"g-cols vc_row via_flex valign_top type_default stacking_default\"><div class=\"vc_col-sm-12 wpb_column vc_column_container align_center\"><div class=\"vc_column-inner\"><div class=\"wpb_wrapper\"><div class=\"wpb_text_column\"><div class=\"wpb_wrapper\"><h1 style=\"text-align: center;\"><strong>Impressum<\/strong><\/h1>\n<\/div><\/div><div class=\"w-iconbox iconpos_top style_default color_custom align_center no_text no_title\"><a href=\"#second\" class=\"w-iconbox-link\" aria-label=\"material|keyboard_arrow_down\"><div class=\"w-iconbox-icon\" style=\"font-size:50px;--icon-color:#ffffff;\"><i class=\"material-icons\">keyboard_arrow_down<\/i><\/div><\/a><div class=\"w-iconbox-meta\"><\/div><\/div><\/div><\/div><\/div><\/div><\/div><\/section><section class=\"l-section wpb_row height_medium full_height valign_center\" id=\"second\"><div class=\"l-section-h i-cf\"><div class=\"g-cols vc_row via_flex valign_top type_default stacking_default\"><div class=\"vc_col-sm-12 wpb_column vc_column_container\"><div class=\"vc_column-inner\"><div class=\"wpb_wrapper\"><div class=\"wpb_text_column\"><div class=\"wpb_wrapper\"><h2 style=\"text-align: center;\">Impressum<\/h2>\n<\/div><\/div><div class=\"w-separator size_small\"><\/div><div class=\"g-cols wpb_row via_flex valign_top type_default stacking_default\"><div class=\"vc_col-sm-6 wpb_column vc_column_container\"><div class=\"vc_column-inner\"><div class=\"wpb_wrapper\"><div class=\"wpb_text_column\"><div class=\"wpb_wrapper\"><p style=\"margin: 0in; font-family: Calibri; font-size: 18.0pt;\"><span style=\"font-weight: bold;\">Angaben gem\u00e4\u00df \u00a7 5 TMG:<\/span><\/p>\n<p style=\"margin: 0in; font-family: Calibri; font-size: 11.0pt;\">Michaela Andergassen<\/p>\n<p style=\"margin: 0in; font-family: Calibri; font-size: 11.0pt;\">Beratung und Coaching<\/p>\n<p style=\"margin: 0in; font-family: Calibri; font-size: 11.0pt;\">Tradtstra\u00dfe 10<\/p>\n<p style=\"margin: 0in; font-family: Calibri; font-size: 11.0pt;\">93455 Traitsching\/Atzenzell<\/p>\n<p style=\"margin: 0in; font-family: Calibri; font-size: 11.0pt;\">Tel. 01575 \/ 2476810<\/p>\n<p style=\"margin: 0in; font-family: Calibri; font-size: 18.0pt;\"><span style=\"font-weight: bold;\">Kontakt:<\/span><\/p>\n<p style=\"margin: 0in; font-family: Calibri; font-size: 11.0pt;\">Michaela Andergassen<\/p>\n<p style=\"margin: 0in; font-family: Calibri; font-size: 11.0pt;\">Beratung und Coaching<\/p>\n<p style=\"margin: 0in; font-family: Calibri; font-size: 11.0pt;\">Wassergasse 13<\/p>\n<p style=\"margin: 0in; font-family: Calibri; font-size: 11.0pt;\">93176 Beratzhausen<\/p>\n<p>Keine Pr\u00e4senzcoachings an dieser Adresse.<\/p>\n<p style=\"margin: 0in; font-family: Calibri; font-size: 11.0pt;\">Tel. 01575 \/ 2476810<\/p>\n<p style=\"margin: 0in; font-family: Calibri; font-size: 11.0pt;\">email: michaela@andergassen.me<\/p>\n<p style=\"margin: 0in; font-family: Calibri; font-size: 18.0pt;\"><span style=\"font-weight: bold;\">Umsatzsteuer-ID:<\/span><\/p>\n<p style=\"margin: 0in; font-family: Calibri; font-size: 11.0pt;\">Umsatzsteuer-Identifikationsnummer gem\u00e4\u00df \u00a727 a Umsatzsteuergesetz:<\/p>\n<p style=\"margin: 0in; font-family: Calibri; font-size: 11.0pt;\">DE300218885<\/p>\n<p style=\"margin: 0in; font-family: Calibri; font-size: 18.0pt;\"><span style=\"font-weight: bold;\">Verantwortlich f\u00fcr den<\/span><\/p>\n<p style=\"margin: 0in; font-family: Calibri; font-size: 18.0pt;\"><span style=\"font-weight: bold;\">Inhalt<\/span><\/p>\n<p style=\"margin: 0in; font-family: Calibri; font-size: 18.0pt;\"><span style=\"font-weight: bold;\">nach \u00a7 55 Abs. 2 RStV:<\/span><\/p>\n<p style=\"margin: 0in; font-family: Calibri; font-size: 11.0pt;\">Michaela Andergassen<\/p>\n<p style=\"margin: 0in; font-family: Calibri; font-size: 11.0pt;\">Wassergasse 13<\/p>\n<p style=\"margin: 0in; font-family: Calibri; font-size: 11.0pt;\">93176 Beratzhausen<\/p>\n<p style=\"margin: 0in; font-family: Calibri; font-size: 18.0pt;\"><span style=\"font-weight: bold;\">Quellenangaben f\u00fcr die verwendeten Bilder und Grafiken:<\/span><\/p>\n<p style=\"margin: 0in; font-family: Calibri; font-size: 11.0pt;\">Lisa Medina-Walzl &#8211; Visua-Lisa<\/p>\n<p style=\"margin: 0in; font-family: Calibri; font-size: 11.0pt;\">Michaela Andergassen<\/p>\n<p style=\"margin: 0in; font-family: Calibri; font-size: 11.0pt;\"><a href=\"http:\/\/photodune.net\">http:\/\/photodune.net<\/a><\/p>\n<p style=\"margin: 0in; font-family: Calibri; font-size: 11.0pt;\"><a href=\"http:\/\/fotolia.com\">http:\/\/fotolia.com<\/a><\/p>\n<p style=\"margin: 0in; font-family: Calibri; font-size: 11.0pt;\"><a href=\"https:\/\/pixabay.com\">https:\/\/pixabay.com<\/a><\/p>\n<p style=\"margin: 0in; font-family: Calibri; font-size: 20.0pt;\"><span style=\"font-weight: bold;\">Haftungsausschluss (Disclaimer)<\/span><\/p>\n<p style=\"margin: 0in; font-family: Calibri; font-size: 11.0pt;\"><span style=\"font-weight: bold;\">Haftung f\u00fcr Inhalte<\/span><\/p>\n<p style=\"margin: 0in; font-family: Calibri; font-size: 11.0pt;\">Als Diensteanbieter sind wir gem\u00e4\u00df \u00a7 7 Abs.1 TMG f\u00fcr eigene Inhalte auf diesen Seiten nach den allgemeinen Gesetzen verantwortlich. Nach \u00a7\u00a7 8 bis 10 TMG sind wir als Diensteanbieter jedoch nicht verpflichtet, \u00fcbermittelte oder gespeicherte fremde Informationen zu \u00fcberwachen oder nach Umst\u00e4nden zu forschen, die auf eine rechtswidrige T\u00e4tigkeit hinweisen. Verpflichtungen zur Entfernung oder Sperrung der Nutzung von Informationen nach den allgemeinen Gesetzen bleiben hiervon unber\u00fchrt. Eine diesbez\u00fcgliche Haftung ist jedoch erst ab dem Zeitpunkt der Kenntnis einer konkreten Rechtsverletzung m\u00f6glich. Bei Bekanntwerden von entsprechenden Rechtsverletzungen werden wir diese Inhalte umgehend entfernen.<\/p>\n<p style=\"margin: 0in; font-family: Calibri; font-size: 11.0pt;\"><span style=\"font-weight: bold;\">Haftung f\u00fcr Links<\/span><\/p>\n<p style=\"margin: 0in; font-family: Calibri; font-size: 11.0pt;\">Unser Angebot enth\u00e4lt Links zu externen Webseiten Dritter, auf deren Inhalte wir keinen Einfluss haben. Deshalb k\u00f6nnen wir f\u00fcr diese fremden Inhalte auch keine Gew\u00e4hr \u00fcbernehmen. F\u00fcr die Inhalte der verlinkten Seiten ist stets der jeweilige Anbieter oder Betreiber der Seiten verantwortlich. Die verlinkten Seiten wurden zum Zeitpunkt der Verlinkung auf m\u00f6gliche Rechtsverst\u00f6\u00dfe \u00fcberpr\u00fcft. Rechtswidrige Inhalte waren zum Zeitpunkt der Verlinkung nicht erkennbar. Eine permanente inhaltliche Kontrolle der verlinkten Seiten ist jedoch ohne konkrete Anhaltspunkte einer Rechtsverletzung nicht zumutbar. Bei Bekanntwerden von Rechtsverletzungen werden wir derartige Links<\/p>\n<p style=\"margin: 0in; font-family: Calibri; font-size: 11.0pt;\">umgehend entfernen.<\/p>\n<p style=\"margin: 0in; font-family: Calibri; font-size: 11.0pt;\"><span style=\"font-weight: bold;\">Urheberrecht<\/span><\/p>\n<p style=\"margin: 0in; font-family: Calibri; font-size: 11.0pt;\">Die durch die Seitenbetreiber erstellten Inhalte und Werke auf diesen Seiten unterliegen dem deutschen Urheberrecht. Die Vervielf\u00e4ltigung, Bearbeitung, Verbreitung und jede Art der Verwertung au\u00dferhalb der Grenzen des Urheberrechtes bed\u00fcrfen der schriftlichen Zustimmung des jeweiligen Autors bzw. Erstellers. Downloads und Kopien dieser<\/p>\n<p style=\"margin: 0in; font-family: Calibri; font-size: 11.0pt;\">Seite sind nur f\u00fcr den privaten, nicht kommerziellen Gebrauch gestattet. Soweit die Inhalte auf dieser Seite nicht vom Betreiber erstellt wurden, werden die Urheberrechte Dritter beachtet. Insbesondere werden Inhalte Dritter als solche gekennzeichnet. Sollten Sie trotzdem auf eine Urheberrechtsverletzung aufmerksam werden, bitten wir um einen entsprechenden Hinweis. Bei Bekanntwerden von Rechtsverletzungen werden wir derartige Inhalte umgehend entfernen.<\/p>\n<\/div><\/div><\/div><\/div><\/div><div class=\"vc_col-sm-6 wpb_column vc_column_container\"><div class=\"vc_column-inner\"><div class=\"wpb_wrapper\"><\/div><\/div><\/div><\/div><div class=\"w-separator size_medium\"><\/div><\/div><\/div><\/div><\/div><\/div><\/section>\n","protected":false},"excerpt":{"rendered":"Impressum keyboard_arrow_downImpressum Angaben gem\u00e4\u00df \u00a7 5 TMG: Michaela Andergassen Beratung und Coaching Tradtstra\u00dfe 10 93455 Traitsching\/Atzenzell Tel. 01575 \/ 2476810 Kontakt: Michaela Andergassen Beratung und Coaching Wassergasse 13 93176 Beratzhausen Keine Pr\u00e4senzcoachings an dieser Adresse. Tel. 01575 \/ 2476810 email: michaela@andergassen.me Umsatzsteuer-ID: Umsatzsteuer-Identifikationsnummer gem\u00e4\u00df \u00a727 a Umsatzsteuergesetz: DE300218885 Verantwortlich f\u00fcr den Inhalt nach \u00a7 55...","protected":false},"author":2,"featured_media":0,"parent":0,"menu_order":0,"comment_status":"closed","ping_status":"closed","template":"","meta":{"footnotes":""},"class_list":["post-23592","page","type-page","status-publish","hentry"],"yoast_head":"<!-- This site is optimized with the Yoast SEO plugin v27.1.1 - https:\/\/yoast.com\/product\/yoast-seo-wordpress\/ -->\n<title>Impressum | Michaela Andergassen - Coaching f\u00fcr Neupositionierung<\/title>\n<meta name=\"robots\" content=\"index, follow, max-snippet:-1, max-image-preview:large, max-video-preview:-1\" \/>\n<link rel=\"canonical\" href=\"https:\/\/michaela-andergassen.de\/ma\/impressum-2\/\" \/>\n<meta property=\"og:locale\" content=\"de_DE\" \/>\n<meta property=\"og:type\" content=\"article\" \/>\n<meta property=\"og:title\" content=\"Impressum | Michaela Andergassen - Coaching f\u00fcr Neupositionierung\" \/>\n<meta property=\"og:url\" content=\"https:\/\/michaela-andergassen.de\/ma\/impressum-2\/\" \/>\n<meta property=\"og:site_name\" content=\"Michaela Andergassen - Coaching f\u00fcr Neupositionierung\" \/>\n<meta property=\"article:modified_time\" content=\"2023-11-20T18:11:58+00:00\" \/>\n<meta name=\"twitter:card\" content=\"summary_large_image\" \/>\n<meta name=\"twitter:site\" content=\"@andergassen_me\" \/>\n<meta name=\"twitter:label1\" content=\"Gesch\u00e4tzte Lesezeit\" \/>\n\t<meta name=\"twitter:data1\" content=\"3\u00a0Minuten\" \/>\n<script type=\"application\/ld+json\" class=\"yoast-schema-graph\">{\"@context\":\"https:\/\/schema.org\",\"@graph\":[{\"@type\":\"WebPage\",\"@id\":\"https:\/\/michaela-andergassen.de\/ma\/impressum-2\/\",\"url\":\"https:\/\/michaela-andergassen.de\/ma\/impressum-2\/\",\"name\":\"Impressum | Michaela Andergassen - Coaching f\u00fcr Neupositionierung\",\"isPartOf\":{\"@id\":\"https:\/\/michaela-andergassen.de\/ma\/#website\"},\"datePublished\":\"2019-08-23T15:23:22+00:00\",\"dateModified\":\"2023-11-20T18:11:58+00:00\",\"breadcrumb\":{\"@id\":\"https:\/\/michaela-andergassen.de\/ma\/impressum-2\/#breadcrumb\"},\"inLanguage\":\"de\",\"potentialAction\":[{\"@type\":\"ReadAction\",\"target\":[\"https:\/\/michaela-andergassen.de\/ma\/impressum-2\/\"]}]},{\"@type\":\"BreadcrumbList\",\"@id\":\"https:\/\/michaela-andergassen.de\/ma\/impressum-2\/#breadcrumb\",\"itemListElement\":[{\"@type\":\"ListItem\",\"position\":1,\"name\":\"Startseite\",\"item\":\"https:\/\/michaela-andergassen.de\/ma\/\"},{\"@type\":\"ListItem\",\"position\":2,\"name\":\"Impressum\"}]},{\"@type\":\"WebSite\",\"@id\":\"https:\/\/michaela-andergassen.de\/ma\/#website\",\"url\":\"https:\/\/michaela-andergassen.de\/ma\/\",\"name\":\"Michaela Andergassen - Coaching f\u00fcr Neupositionierung\",\"description\":\"Coaching f\u00fcr Berufliche Neupositionierung, Karriereberatung, Bewerbungscoaching, AVGS Coaching\",\"publisher\":{\"@id\":\"https:\/\/michaela-andergassen.de\/ma\/#organization\"},\"potentialAction\":[{\"@type\":\"SearchAction\",\"target\":{\"@type\":\"EntryPoint\",\"urlTemplate\":\"https:\/\/michaela-andergassen.de\/ma\/?s={search_term_string}\"},\"query-input\":{\"@type\":\"PropertyValueSpecification\",\"valueRequired\":true,\"valueName\":\"search_term_string\"}}],\"inLanguage\":\"de\"},{\"@type\":\"Organization\",\"@id\":\"https:\/\/michaela-andergassen.de\/ma\/#organization\",\"name\":\"Michaela Andergassen\",\"url\":\"https:\/\/michaela-andergassen.de\/ma\/\",\"logo\":{\"@type\":\"ImageObject\",\"inLanguage\":\"de\",\"@id\":\"https:\/\/michaela-andergassen.de\/ma\/#\/schema\/logo\/image\/\",\"url\":\"https:\/\/michaela-andergassen.de\/ma\/wp-content\/uploads\/2016\/11\/Logo-400x187px.png\",\"contentUrl\":\"https:\/\/michaela-andergassen.de\/ma\/wp-content\/uploads\/2016\/11\/Logo-400x187px.png\",\"width\":400,\"height\":187,\"caption\":\"Michaela Andergassen\"},\"image\":{\"@id\":\"https:\/\/michaela-andergassen.de\/ma\/#\/schema\/logo\/image\/\"},\"sameAs\":[\"https:\/\/x.com\/andergassen_me\",\"https:\/\/de.linkedin.com\/in\/michaela-andergassen-07248226\"]}]}<\/script>\n<!-- \/ Yoast SEO plugin. -->","yoast_head_json":{"title":"Impressum | Michaela Andergassen - Coaching f\u00fcr Neupositionierung","robots":{"index":"index","follow":"follow","max-snippet":"max-snippet:-1","max-image-preview":"max-image-preview:large","max-video-preview":"max-video-preview:-1"},"canonical":"https:\/\/michaela-andergassen.de\/ma\/impressum-2\/","og_locale":"de_DE","og_type":"article","og_title":"Impressum | Michaela Andergassen - Coaching f\u00fcr Neupositionierung","og_url":"https:\/\/michaela-andergassen.de\/ma\/impressum-2\/","og_site_name":"Michaela Andergassen - Coaching f\u00fcr Neupositionierung","article_modified_time":"2023-11-20T18:11:58+00:00","twitter_card":"summary_large_image","twitter_site":"@andergassen_me","twitter_misc":{"Gesch\u00e4tzte Lesezeit":"3\u00a0Minuten"},"schema":{"@context":"https:\/\/schema.org","@graph":[{"@type":"WebPage","@id":"https:\/\/michaela-andergassen.de\/ma\/impressum-2\/","url":"https:\/\/michaela-andergassen.de\/ma\/impressum-2\/","name":"Impressum | Michaela Andergassen - Coaching f\u00fcr Neupositionierung","isPartOf":{"@id":"https:\/\/michaela-andergassen.de\/ma\/#website"},"datePublished":"2019-08-23T15:23:22+00:00","dateModified":"2023-11-20T18:11:58+00:00","breadcrumb":{"@id":"https:\/\/michaela-andergassen.de\/ma\/impressum-2\/#breadcrumb"},"inLanguage":"de","potentialAction":[{"@type":"ReadAction","target":["https:\/\/michaela-andergassen.de\/ma\/impressum-2\/"]}]},{"@type":"BreadcrumbList","@id":"https:\/\/michaela-andergassen.de\/ma\/impressum-2\/#breadcrumb","itemListElement":[{"@type":"ListItem","position":1,"name":"Startseite","item":"https:\/\/michaela-andergassen.de\/ma\/"},{"@type":"ListItem","position":2,"name":"Impressum"}]},{"@type":"WebSite","@id":"https:\/\/michaela-andergassen.de\/ma\/#website","url":"https:\/\/michaela-andergassen.de\/ma\/","name":"Michaela Andergassen - Coaching f\u00fcr Neupositionierung","description":"Coaching f\u00fcr Berufliche Neupositionierung, Karriereberatung, Bewerbungscoaching, AVGS Coaching","publisher":{"@id":"https:\/\/michaela-andergassen.de\/ma\/#organization"},"potentialAction":[{"@type":"SearchAction","target":{"@type":"EntryPoint","urlTemplate":"https:\/\/michaela-andergassen.de\/ma\/?s={search_term_string}"},"query-input":{"@type":"PropertyValueSpecification","valueRequired":true,"valueName":"search_term_string"}}],"inLanguage":"de"},{"@type":"Organization","@id":"https:\/\/michaela-andergassen.de\/ma\/#organization","name":"Michaela Andergassen","url":"https:\/\/michaela-andergassen.de\/ma\/","logo":{"@type":"ImageObject","inLanguage":"de","@id":"https:\/\/michaela-andergassen.de\/ma\/#\/schema\/logo\/image\/","url":"https:\/\/michaela-andergassen.de\/ma\/wp-content\/uploads\/2016\/11\/Logo-400x187px.png","contentUrl":"https:\/\/michaela-andergassen.de\/ma\/wp-content\/uploads\/2016\/11\/Logo-400x187px.png","width":400,"height":187,"caption":"Michaela Andergassen"},"image":{"@id":"https:\/\/michaela-andergassen.de\/ma\/#\/schema\/logo\/image\/"},"sameAs":["https:\/\/x.com\/andergassen_me","https:\/\/de.linkedin.com\/in\/michaela-andergassen-07248226"]}]}},"_links":{"self":[{"href":"https:\/\/michaela-andergassen.de\/ma\/wp-json\/wp\/v2\/pages\/23592","targetHints":{"allow":["GET"]}}],"collection":[{"href":"https:\/\/michaela-andergassen.de\/ma\/wp-json\/wp\/v2\/pages"}],"about":[{"href":"https:\/\/michaela-andergassen.de\/ma\/wp-json\/wp\/v2\/types\/page"}],"author":[{"embeddable":true,"href":"https:\/\/michaela-andergassen.de\/ma\/wp-json\/wp\/v2\/users\/2"}],"replies":[{"embeddable":true,"href":"https:\/\/michaela-andergassen.de\/ma\/wp-json\/wp\/v2\/comments?post=23592"}],"version-history":[{"count":11,"href":"https:\/\/michaela-andergassen.de\/ma\/wp-json\/wp\/v2\/pages\/23592\/revisions"}],"predecessor-version":[{"id":24361,"href":"https:\/\/michaela-andergassen.de\/ma\/wp-json\/wp\/v2\/pages\/23592\/revisions\/24361"}],"wp:attachment":[{"href":"https:\/\/michaela-andergassen.de\/ma\/wp-json\/wp\/v2\/media?parent=23592"}],"curies":[{"name":"wp","href":"https:\/\/api.w.org\/{rel}","templated":true}]}}