{"id":24055,"date":"2020-09-04T10:11:23","date_gmt":"2020-09-04T08:11:23","guid":{"rendered":"https:\/\/michaela-andergassen.de\/ma\/?page_id=24055"},"modified":"2020-12-06T15:58:22","modified_gmt":"2020-12-06T14:58:22","slug":"module","status":"publish","type":"page","link":"https:\/\/michaela-andergassen.de\/ma\/module\/","title":{"rendered":"Module Seminare und Coaching"},"content":{"rendered":"<section class=\"l-section wpb_row height_small\"><div class=\"l-section-h i-cf\"><div class=\"g-cols vc_row via_flex valign_top type_default stacking_default\"><div class=\"vc_col-sm-6 wpb_column vc_column_container\"><div class=\"vc_column-inner\"><div class=\"wpb_wrapper\"><div class=\"ult-spacer spacer-69e5b02820cd7\" data-id=\"69e5b02820cd7\" data-height=\"50\" data-height-mobile=\"50\" data-height-tab=\"50\" data-height-tab-portrait=\"\" data-height-mobile-landscape=\"\" style=\"clear:both;display:block;\"><\/div><div class=\"w-image align_none\"><a title=\"Karriereberatung und Laufbahngestaltung\" href=\"https:\/\/michaela-andergassen.de\/ma\/\" aria-label=\"logo-200x94px\" class=\"w-image-h\"><img decoding=\"async\" width=\"200\" height=\"94\" src=\"https:\/\/michaela-andergassen.de\/ma\/wp-content\/uploads\/2016\/11\/Logo-200x94px.png\" class=\"attachment-large size-large\" alt=\"\" loading=\"lazy\" \/><\/a><\/div><\/div><\/div><\/div><div class=\"vc_col-sm-6 wpb_column vc_column_container\"><div class=\"vc_column-inner\"><div class=\"wpb_wrapper\"><div class=\"ult-spacer spacer-69e5b02822814\" data-id=\"69e5b02822814\" data-height=\"50\" data-height-mobile=\"50\" data-height-tab=\"50\" data-height-tab-portrait=\"\" data-height-mobile-landscape=\"\" style=\"clear:both;display:block;\"><\/div><div class=\"w-image align_none\"><a href=\"http:\/\/michaela-andergassen.de\/ma\/berufundkarriere\/\" aria-label=\"Beruf &amp;Karriere\" class=\"w-image-h\"><img decoding=\"async\" width=\"1024\" height=\"135\" src=\"https:\/\/michaela-andergassen.de\/ma\/wp-content\/uploads\/2016\/11\/Kopf-t\u00fcrkis-1024x135.png\" class=\"attachment-large size-large\" alt=\"\" loading=\"lazy\" srcset=\"https:\/\/michaela-andergassen.de\/ma\/wp-content\/uploads\/2016\/11\/Kopf-t\u00fcrkis-1024x135.png 1024w, https:\/\/michaela-andergassen.de\/ma\/wp-content\/uploads\/2016\/11\/Kopf-t\u00fcrkis-300x40.png 300w, https:\/\/michaela-andergassen.de\/ma\/wp-content\/uploads\/2016\/11\/Kopf-t\u00fcrkis-768x101.png 768w, https:\/\/michaela-andergassen.de\/ma\/wp-content\/uploads\/2016\/11\/Kopf-t\u00fcrkis-600x79.png 600w, https:\/\/michaela-andergassen.de\/ma\/wp-content\/uploads\/2016\/11\/Kopf-t\u00fcrkis.png 1584w\" sizes=\"auto, (max-width: 1024px) 100vw, 1024px\" \/><\/a><\/div><\/div><\/div><\/div><\/div><\/div><\/section><section class=\"l-section wpb_row height_auto\"><div class=\"l-section-h i-cf\"><div class=\"g-cols vc_row via_flex valign_top type_default stacking_default\"><div class=\"vc_col-sm-12 wpb_column vc_column_container\"><div class=\"vc_column-inner\"><div class=\"wpb_wrapper\"><div id=\"ultimate-heading-83769e5b0282408b\" class=\"uvc-heading ult-adjust-bottom-margin ultimate-heading-83769e5b0282408b uvc-3834 \" data-hspacer=\"no_spacer\"  data-halign=\"left\" style=\"text-align:left\"><div class=\"uvc-heading-spacer no_spacer\" style=\"top\"><\/div><div class=\"uvc-main-heading ult-responsive\"  data-ultimate-target='.uvc-heading.ultimate-heading-83769e5b0282408b h1'  data-responsive-json-new='{\"font-size\":\"desktop:40px;\",\"line-height\":\"\"}' ><h1 style=\"font-weight:normal;color:#00aab7;\">Module<\/h1><\/div><div class=\"uvc-sub-heading ult-responsive\"  data-ultimate-target='.uvc-heading.ultimate-heading-83769e5b0282408b .uvc-sub-heading '  data-responsive-json-new='{\"font-size\":\"\",\"line-height\":\"\"}'  style=\"font-weight:normal;\">\n<h6><span style=\"color: #808080;\">Die <a href=\"https:\/\/michaela-andergassen.de\/ma\/seminare\/\" target=\"_blank\" rel=\"noopener noreferrer\">Seminarepakete<\/a> zur berufliche Neupositionierung sind modular und aufeinander folgend aufgebaut. Wobei in Absprache auch Einzelmodule gebucht werden k\u00f6nnen, sofern die Teilnahmerzahlen dies zulassen.<br \/>\nAuch im <a href=\"https:\/\/michaela-andergassen.de\/ma\/coaching_berufliche_neupositionierung\/\" target=\"_blank\" rel=\"noopener noreferrer\">Einzelcoaching zur beruflichen Neupositionierung<\/a> arbeiten wir auf Basis dieser Module. Im Unterschied zu den Seminaren, kann im Einzelcoaching vom Zeitplan und in der Reihenfolge individuell abgewichen werden.\u00a0<\/span><\/h6>\n<h6><span style=\"color: #808080;\">Im <a href=\"#modula\">Modul A<\/a> (Fundament) geht es um berufliche Ziele und Visionen sowie Grundlagen zur Laufbahngestaltung (auch Alternativen zur klassischen Bewerbung). <a href=\"#modulb\">Modul B<\/a> befasst sich mit der Eintrittskarte, den Bewerbungsunterlagen. In <a href=\"#modulc\">Modul C<\/a> geht es um den Auftritt, das Vorstellungsgespr\u00e4ch, sowohl live als auch virtuell. Zwischen <a href=\"#modulc\">Modul C<\/a> und <a href=\"#moduld\">Modul D<\/a> haben Sie 3 Wochen Zeit, Ihre Ziele zu konkretisieren, Ihre Unterlagen zu verfeinern und Bewerbungsgespr\u00e4che zu f\u00fchren. Mit den Erfahrungen aus diesen 3 Wochen arbeiten wir dann in Modul D. <\/span><\/h6>\n<h6><span style=\"color: #808080;\">Alle 4 Bausteine zusammen gehen \u00fcber ein reines Bewerbungstraining hinaus. Insbesondere Modul A soll Sie dabei unterst\u00fctzen, herauszufinden was SIE wirklich wollen, welcher Beruf oder Job zu IHREN Werten passt. Auch in den Modulen B, C und D besch\u00e4ftigen Sie sich mit Ihren St\u00e4rken und Kompetenzen. Sie werden auch das eine oder andere Mal \u00fcber Ihren Schatten springen oder in eine neue Richtung denken. Nat\u00fcrlich h\u00e4ngt alles davon ab, wie Sie, und ob Sie die Inhalte f\u00fcr sich nutzen wollen.<\/span><\/h6>\n<h6><strong><span style=\"color: #808080;\">Die Seminare und das Coaching bieten Ihnen die Chance mit einem gest\u00e4rkten Selbstvertrauen und dadurch ver\u00e4ndertem Auftritt das Beste aus sich und Ihren Leben herauszuholen.\u00a0 Aus Ihrer eigenen Kraft und immer wieder sp\u00e4ter im Laben anwendbar.<\/span><\/strong><\/h6>\n<h6><\/h6>\n<\/div><\/div><div class=\"wpb_text_column with_collapsible_content\" data-content-height=\"200px\"><div class=\"wpb_wrapper\"><p><a id=\"modula\"><\/a><\/p>\n<h4><\/h4>\n<h4><span style=\"color: #808080;\"><strong>Modul A &#8211; Das Fundament:<\/strong><\/span><\/h4>\n<p><span style=\"color: #808080;\">Zu Beginn des Seminars geht es um Grundlagen und die optimale Vorbereitung des Berufseinstieges oder Jobwechsels. Wir legen gemeinsam ein Fundament, auf dem die weiteren Schritte aufgebaut werden und legen dabei gleichzeitig Messkriterien f\u00fcr Deinen zuk\u00fcnftigen Erfolg fest.<\/span><\/p>\n<ul type=\"disc\">\n<li><span style=\"color: #808080;\">Einf\u00fchrung und \u00dcberblick &#8211; Stellenmarkt, Stellensuche, \u00a0Formen der Bewerbung, etc.<\/span><\/li>\n<li><span style=\"color: #808080;\">Ziele finden und setzen: Wohin will ich? Wie komme ich dorthin? \u2013&gt;\u00a0Ziele und Wege<\/span><\/li>\n<li><span style=\"color: #808080;\">Standortbestimmung: Woher komme ich? Was kann ich? \u2013&gt; Wurzeln und St\u00e4rken<\/span><\/li>\n<li><span style=\"color: #808080;\">Vorbereitung auf die Erarbeitung eines Alleinstellungsmerkmals (USP) &#8211; Fortsetzung in Modul B<\/span><\/li>\n<\/ul>\n<\/div><div class=\"toggle-links align_none\"><button class=\"collapsible-content-more\">mehr anzeigen...<\/button><button class=\"collapsible-content-less\">weniger anzeigen...<\/button><\/div><\/div><div class=\"wpb_text_column with_collapsible_content\" data-content-height=\"200px\"><div class=\"wpb_wrapper\"><h4><\/h4>\n<h4><span style=\"color: #808080;\"><strong>Modul B &#8211; Die Eintrittskarte:<\/strong><\/span><\/h4>\n<p><span style=\"color: #808080;\">Sie kennen nach Modul A Ihren Traumjob oder die beste passende Stelle und haben ein Ziel und eine Vision formuliert. In Vorbereitung auf Modul B haben Sie zuhause dazu eine oder mehrere passende Stellenausschreibungen gefunden und bereits anhand einer eigenen Vorlage, oder aus der Seminardokumentation, eine Bewerbung verfasst.<\/span><\/p>\n<p><span style=\"color: #808080;\">Inhalte:<\/span><\/p>\n<ul>\n<li><span style=\"color: #808080;\">Bestandteile und Beispiele einer repr\u00e4sentativen schriftlichen Bewerbung*<\/span>\n<ul>\n<li><span style=\"color: #808080;\">Anschreiben<\/span><\/li>\n<li><span style=\"color: #808080;\">Lebenslauf<\/span><\/li>\n<li><span style=\"color: #808080;\">&#8222;dritte Seite&#8220; oder auch Kurzprofil, Motivationsschreiben<\/span><\/li>\n<li><span style=\"color: #808080;\">Anlagen<\/span><\/li>\n<li><span style=\"color: #808080;\">virtuelle Mappe<\/span><\/li>\n<\/ul>\n<\/li>\n<li><span style=\"color: #808080;\">Feedbackrunde aus der Sicht eines Personalverantwortlichen<\/span><\/li>\n<li><span style=\"color: #808080;\">Kompetenzen, Kernkompetenzen und St\u00e4rken<\/span><\/li>\n<li><span style=\"color: #808080;\">Ausarbeitung Ihres pers\u00f6nlichen Alleinstellungsmerkmals &#8211; &#8222;\u2026 darum bin ich die ideale Kandidatin \/ der ideale Kandidat f\u00fcr diese Stelle&#8220;<\/span><\/li>\n<\/ul>\n<p><span style=\"color: #808080;\">*Dieses Training setzt einen selbstst\u00e4ndigen Umgang mit Textverarbeitungsprogrammen voraus. Es werden keine kompletten, individuellen Unterlagen w\u00e4hrend des Seminars erstellt.<\/span><\/p>\n<\/div><div class=\"toggle-links align_none\"><button class=\"collapsible-content-more\">mehr anzeigen...<\/button><button class=\"collapsible-content-less\">weniger anzeigen...<\/button><\/div><\/div><div class=\"wpb_text_column with_collapsible_content\" data-content-height=\"200px\"><div class=\"wpb_wrapper\"><p><a id=\"modulc\"><\/a><\/p>\n<h4><\/h4>\n<h4><span style=\"color: #808080;\"><strong>Modul C &#8211; Der Auftritt<\/strong><\/span><\/h4>\n<p><span style=\"color: #808080;\">Nachdem die Eintrittskarte (Modul B) &#8211; die Bewerbungsunterlagen &#8211; den potentiellen Arbeitgeber neugierig gemacht haben, m\u00f6chte dieser den Bewerber nun kennenlernen.<\/span><\/p>\n<p><span style=\"color: #808080;\">Jetzt geht es darum, den guten Eindruck aus den Unterlagen zu festigen, offene Fragen zu beantworten und den Gespr\u00e4chspartner zu \u00fcberzeugen, dass Du der\/die optimale Kandidat\/in f\u00fcr die Position bist.<\/span><\/p>\n<p><span style=\"color: #808080;\">Inhalte:<\/span><\/p>\n<ul>\n<li><span style=\"color: #808080;\">Einstellung &amp; Ausstrahlung &#8211; Auftreten und nonverbale Kommunikation im Vorstellungsgespr\u00e4ch<\/span><\/li>\n<li><span style=\"color: #808080;\">Phasen eines Interviews und Sonderformen inkl. Videointerview<\/span><\/li>\n<li><span style=\"color: #808080;\">Vorbereitung auf Standardfragen und Umgang mit \u00fcberraschenden Fragen<\/span><\/li>\n<li><span style=\"color: #808080;\">Gespr\u00e4chssteuerung, F\u00fchrung und Authentizit\u00e4t<\/span><\/li>\n<li><span style=\"color: #808080;\">Kunstst\u00fcckchen: Sich abheben von der Masse und gleichzeitig die Bodenhaftung behalten<\/span><\/li>\n<\/ul>\n<p><code><\/code><\/p>\n<\/div><div class=\"toggle-links align_none\"><button class=\"collapsible-content-more\">mehr anzeigen...<\/button><button class=\"collapsible-content-less\">weniger anzeigen...<\/button><\/div><\/div><div class=\"wpb_text_column with_collapsible_content\" data-content-height=\"200px\"><div class=\"wpb_wrapper\"><h4><\/h4>\n<h4><span style=\"color: #808080;\"><strong>Modul D &#8211; Die Perfektion<\/strong><\/span><\/h4>\n<p><span style=\"color: #808080;\">Sie hatten zwischen Modul C und diesem Abschlussmodul 3 Wochen Zeit die bisherigen Inhalte in die Tat umzusetzen. Idealerweise hatten Sie Gelegenheit ein Jobinterview (Bewerbungsgespr\u00e4ch) zu f\u00fchren. Nun beginnt die Phase der Verbesserung und Verfeinerung. Das Modul ist gepr\u00e4gt von Berichten aus der Praxis, Feedback mit Austausch in der Gruppe und Identifikation der Verbesserungspotentiale.<\/span><\/p>\n<p><span style=\"color: #808080;\">Inhalte:<\/span><\/p>\n<ul type=\"disc\">\n<li><span style=\"color: #808080;\">intensive Gespr\u00e4chsvorbereitung in der Praxis<\/span><\/li>\n<li><span style=\"color: #808080;\">Am &#8222;Ball&#8220;\u00a0 und\u00a0motiviert bleiben auf dem Weg zum Ziel<\/span><\/li>\n<li><span style=\"color: #808080;\">Selbstwahrnehmung in der Gespr\u00e4chssituation<\/span><\/li>\n<li><span style=\"color: #808080;\">Fokussierung, die Konzentration auf wesentliche Inhalte<\/span><\/li>\n<li><span style=\"color: #808080;\">Protokollieren w\u00e4hrend eines Gespr\u00e4ches<\/span><\/li>\n<li><span style=\"color: #808080;\">Aufbereitung der Daten zu einer Pr\u00e4sentation<\/span><\/li>\n<li><span style=\"color: #808080;\">Sprechen vor der Gruppe<\/span><\/li>\n<li><span style=\"color: #808080;\">Optimierung der Vorbereitung f\u00fcr weitere Jobinterviews<\/span><\/li>\n<\/ul>\n<\/div><div class=\"toggle-links align_none\"><button class=\"collapsible-content-more\">mehr anzeigen...<\/button><button class=\"collapsible-content-less\">weniger anzeigen...<\/button><\/div><\/div><div class=\"ult-spacer spacer-69e5b028270db\" data-id=\"69e5b028270db\" data-height=\"40\" data-height-mobile=\"40\" data-height-tab=\"40\" data-height-tab-portrait=\"\" data-height-mobile-landscape=\"\" style=\"clear:both;display:block;\"><\/div><div class=\"ult-spacer spacer-69e5b028270e6\" data-id=\"69e5b028270e6\" data-height=\"40\" data-height-mobile=\"40\" data-height-tab=\"40\" data-height-tab-portrait=\"\" data-height-mobile-landscape=\"\" style=\"clear:both;display:block;\"><\/div><div class=\"w-separator size_medium with_line width_default thick_1 style_solid color_border align_center\"><div class=\"w-separator-h\"><\/div><\/div><\/div><\/div><\/div><\/div><\/div><\/section>\n","protected":false},"excerpt":{"rendered":"Module Die Seminarepakete zur berufliche Neupositionierung sind modular und aufeinander folgend aufgebaut. Wobei in Absprache auch Einzelmodule gebucht werden k\u00f6nnen, sofern die Teilnahmerzahlen dies zulassen. Auch im Einzelcoaching zur beruflichen Neupositionierung arbeiten wir auf Basis dieser Module. Im Unterschied zu den Seminaren, kann im Einzelcoaching vom Zeitplan und in der Reihenfolge individuell abgewichen werden.\u00a0 Im...","protected":false},"author":2,"featured_media":0,"parent":0,"menu_order":0,"comment_status":"closed","ping_status":"closed","template":"","meta":{"footnotes":""},"class_list":["post-24055","page","type-page","status-publish","hentry"],"yoast_head":"<!-- This site is optimized with the Yoast SEO plugin v27.1.1 - https:\/\/yoast.com\/product\/yoast-seo-wordpress\/ -->\n<title>Module Seminare und Coaching | Michaela Andergassen - Coaching f\u00fcr Neupositionierung<\/title>\n<meta name=\"description\" content=\"Seminar Bewerbung Training Vorstellungsgespr\u00e4ch Lebenslauf Karriere Preise Programm Zeitplan Termine Datum Anmeldung Bewerbungsunterlagen\" \/>\n<meta name=\"robots\" content=\"index, follow, max-snippet:-1, max-image-preview:large, max-video-preview:-1\" \/>\n<link rel=\"canonical\" href=\"https:\/\/michaela-andergassen.de\/ma\/module\/\" \/>\n<meta property=\"og:locale\" content=\"de_DE\" \/>\n<meta property=\"og:type\" content=\"article\" \/>\n<meta property=\"og:title\" content=\"Module Seminare und Coaching | Michaela Andergassen - Coaching f\u00fcr Neupositionierung\" \/>\n<meta property=\"og:description\" content=\"Seminar Bewerbung Training Vorstellungsgespr\u00e4ch Lebenslauf Karriere Preise Programm Zeitplan Termine Datum Anmeldung Bewerbungsunterlagen\" \/>\n<meta property=\"og:url\" content=\"https:\/\/michaela-andergassen.de\/ma\/module\/\" \/>\n<meta property=\"og:site_name\" content=\"Michaela Andergassen - Coaching f\u00fcr Neupositionierung\" \/>\n<meta property=\"article:modified_time\" content=\"2020-12-06T14:58:22+00:00\" \/>\n<meta name=\"twitter:card\" content=\"summary_large_image\" \/>\n<meta name=\"twitter:site\" content=\"@andergassen_me\" \/>\n<meta name=\"twitter:label1\" content=\"Gesch\u00e4tzte Lesezeit\" \/>\n\t<meta name=\"twitter:data1\" content=\"4\u00a0Minuten\" \/>\n<script type=\"application\/ld+json\" class=\"yoast-schema-graph\">{\"@context\":\"https:\/\/schema.org\",\"@graph\":[{\"@type\":\"WebPage\",\"@id\":\"https:\/\/michaela-andergassen.de\/ma\/module\/\",\"url\":\"https:\/\/michaela-andergassen.de\/ma\/module\/\",\"name\":\"Module Seminare und Coaching | Michaela Andergassen - Coaching f\u00fcr Neupositionierung\",\"isPartOf\":{\"@id\":\"https:\/\/michaela-andergassen.de\/ma\/#website\"},\"datePublished\":\"2020-09-04T08:11:23+00:00\",\"dateModified\":\"2020-12-06T14:58:22+00:00\",\"description\":\"Seminar Bewerbung Training Vorstellungsgespr\u00e4ch Lebenslauf Karriere Preise Programm Zeitplan Termine Datum Anmeldung Bewerbungsunterlagen\",\"breadcrumb\":{\"@id\":\"https:\/\/michaela-andergassen.de\/ma\/module\/#breadcrumb\"},\"inLanguage\":\"de\",\"potentialAction\":[{\"@type\":\"ReadAction\",\"target\":[\"https:\/\/michaela-andergassen.de\/ma\/module\/\"]}]},{\"@type\":\"BreadcrumbList\",\"@id\":\"https:\/\/michaela-andergassen.de\/ma\/module\/#breadcrumb\",\"itemListElement\":[{\"@type\":\"ListItem\",\"position\":1,\"name\":\"Startseite\",\"item\":\"https:\/\/michaela-andergassen.de\/ma\/\"},{\"@type\":\"ListItem\",\"position\":2,\"name\":\"Module Seminare und Coaching\"}]},{\"@type\":\"WebSite\",\"@id\":\"https:\/\/michaela-andergassen.de\/ma\/#website\",\"url\":\"https:\/\/michaela-andergassen.de\/ma\/\",\"name\":\"Michaela Andergassen - Coaching f\u00fcr Neupositionierung\",\"description\":\"Coaching f\u00fcr Berufliche Neupositionierung, Karriereberatung, Bewerbungscoaching, AVGS Coaching\",\"publisher\":{\"@id\":\"https:\/\/michaela-andergassen.de\/ma\/#organization\"},\"potentialAction\":[{\"@type\":\"SearchAction\",\"target\":{\"@type\":\"EntryPoint\",\"urlTemplate\":\"https:\/\/michaela-andergassen.de\/ma\/?s={search_term_string}\"},\"query-input\":{\"@type\":\"PropertyValueSpecification\",\"valueRequired\":true,\"valueName\":\"search_term_string\"}}],\"inLanguage\":\"de\"},{\"@type\":\"Organization\",\"@id\":\"https:\/\/michaela-andergassen.de\/ma\/#organization\",\"name\":\"Michaela Andergassen\",\"url\":\"https:\/\/michaela-andergassen.de\/ma\/\",\"logo\":{\"@type\":\"ImageObject\",\"inLanguage\":\"de\",\"@id\":\"https:\/\/michaela-andergassen.de\/ma\/#\/schema\/logo\/image\/\",\"url\":\"https:\/\/michaela-andergassen.de\/ma\/wp-content\/uploads\/2016\/11\/Logo-400x187px.png\",\"contentUrl\":\"https:\/\/michaela-andergassen.de\/ma\/wp-content\/uploads\/2016\/11\/Logo-400x187px.png\",\"width\":400,\"height\":187,\"caption\":\"Michaela Andergassen\"},\"image\":{\"@id\":\"https:\/\/michaela-andergassen.de\/ma\/#\/schema\/logo\/image\/\"},\"sameAs\":[\"https:\/\/x.com\/andergassen_me\",\"https:\/\/de.linkedin.com\/in\/michaela-andergassen-07248226\"]}]}<\/script>\n<!-- \/ Yoast SEO plugin. -->","yoast_head_json":{"title":"Module Seminare und Coaching | Michaela Andergassen - Coaching f\u00fcr Neupositionierung","description":"Seminar Bewerbung Training Vorstellungsgespr\u00e4ch Lebenslauf Karriere Preise Programm Zeitplan Termine Datum Anmeldung Bewerbungsunterlagen","robots":{"index":"index","follow":"follow","max-snippet":"max-snippet:-1","max-image-preview":"max-image-preview:large","max-video-preview":"max-video-preview:-1"},"canonical":"https:\/\/michaela-andergassen.de\/ma\/module\/","og_locale":"de_DE","og_type":"article","og_title":"Module Seminare und Coaching | Michaela Andergassen - Coaching f\u00fcr Neupositionierung","og_description":"Seminar Bewerbung Training Vorstellungsgespr\u00e4ch Lebenslauf Karriere Preise Programm Zeitplan Termine Datum Anmeldung Bewerbungsunterlagen","og_url":"https:\/\/michaela-andergassen.de\/ma\/module\/","og_site_name":"Michaela Andergassen - Coaching f\u00fcr Neupositionierung","article_modified_time":"2020-12-06T14:58:22+00:00","twitter_card":"summary_large_image","twitter_site":"@andergassen_me","twitter_misc":{"Gesch\u00e4tzte Lesezeit":"4\u00a0Minuten"},"schema":{"@context":"https:\/\/schema.org","@graph":[{"@type":"WebPage","@id":"https:\/\/michaela-andergassen.de\/ma\/module\/","url":"https:\/\/michaela-andergassen.de\/ma\/module\/","name":"Module Seminare und Coaching | Michaela Andergassen - Coaching f\u00fcr Neupositionierung","isPartOf":{"@id":"https:\/\/michaela-andergassen.de\/ma\/#website"},"datePublished":"2020-09-04T08:11:23+00:00","dateModified":"2020-12-06T14:58:22+00:00","description":"Seminar Bewerbung Training Vorstellungsgespr\u00e4ch Lebenslauf Karriere Preise Programm Zeitplan Termine Datum Anmeldung Bewerbungsunterlagen","breadcrumb":{"@id":"https:\/\/michaela-andergassen.de\/ma\/module\/#breadcrumb"},"inLanguage":"de","potentialAction":[{"@type":"ReadAction","target":["https:\/\/michaela-andergassen.de\/ma\/module\/"]}]},{"@type":"BreadcrumbList","@id":"https:\/\/michaela-andergassen.de\/ma\/module\/#breadcrumb","itemListElement":[{"@type":"ListItem","position":1,"name":"Startseite","item":"https:\/\/michaela-andergassen.de\/ma\/"},{"@type":"ListItem","position":2,"name":"Module Seminare und Coaching"}]},{"@type":"WebSite","@id":"https:\/\/michaela-andergassen.de\/ma\/#website","url":"https:\/\/michaela-andergassen.de\/ma\/","name":"Michaela Andergassen - Coaching f\u00fcr Neupositionierung","description":"Coaching f\u00fcr Berufliche Neupositionierung, Karriereberatung, Bewerbungscoaching, AVGS Coaching","publisher":{"@id":"https:\/\/michaela-andergassen.de\/ma\/#organization"},"potentialAction":[{"@type":"SearchAction","target":{"@type":"EntryPoint","urlTemplate":"https:\/\/michaela-andergassen.de\/ma\/?s={search_term_string}"},"query-input":{"@type":"PropertyValueSpecification","valueRequired":true,"valueName":"search_term_string"}}],"inLanguage":"de"},{"@type":"Organization","@id":"https:\/\/michaela-andergassen.de\/ma\/#organization","name":"Michaela Andergassen","url":"https:\/\/michaela-andergassen.de\/ma\/","logo":{"@type":"ImageObject","inLanguage":"de","@id":"https:\/\/michaela-andergassen.de\/ma\/#\/schema\/logo\/image\/","url":"https:\/\/michaela-andergassen.de\/ma\/wp-content\/uploads\/2016\/11\/Logo-400x187px.png","contentUrl":"https:\/\/michaela-andergassen.de\/ma\/wp-content\/uploads\/2016\/11\/Logo-400x187px.png","width":400,"height":187,"caption":"Michaela Andergassen"},"image":{"@id":"https:\/\/michaela-andergassen.de\/ma\/#\/schema\/logo\/image\/"},"sameAs":["https:\/\/x.com\/andergassen_me","https:\/\/de.linkedin.com\/in\/michaela-andergassen-07248226"]}]}},"_links":{"self":[{"href":"https:\/\/michaela-andergassen.de\/ma\/wp-json\/wp\/v2\/pages\/24055","targetHints":{"allow":["GET"]}}],"collection":[{"href":"https:\/\/michaela-andergassen.de\/ma\/wp-json\/wp\/v2\/pages"}],"about":[{"href":"https:\/\/michaela-andergassen.de\/ma\/wp-json\/wp\/v2\/types\/page"}],"author":[{"embeddable":true,"href":"https:\/\/michaela-andergassen.de\/ma\/wp-json\/wp\/v2\/users\/2"}],"replies":[{"embeddable":true,"href":"https:\/\/michaela-andergassen.de\/ma\/wp-json\/wp\/v2\/comments?post=24055"}],"version-history":[{"count":21,"href":"https:\/\/michaela-andergassen.de\/ma\/wp-json\/wp\/v2\/pages\/24055\/revisions"}],"predecessor-version":[{"id":24179,"href":"https:\/\/michaela-andergassen.de\/ma\/wp-json\/wp\/v2\/pages\/24055\/revisions\/24179"}],"wp:attachment":[{"href":"https:\/\/michaela-andergassen.de\/ma\/wp-json\/wp\/v2\/media?parent=24055"}],"curies":[{"name":"wp","href":"https:\/\/api.w.org\/{rel}","templated":true}]}}