{"id":897,"date":"2015-11-28T06:41:58","date_gmt":"2015-11-28T05:41:58","guid":{"rendered":"http:\/\/michaela-andergassen.de\/ma\/ich-treffe-sie\/kontakt-2\/"},"modified":"2023-11-20T16:30:13","modified_gmt":"2023-11-20T15:30:13","slug":"kontakt","status":"publish","type":"page","link":"https:\/\/michaela-andergassen.de\/ma\/kontakt\/","title":{"rendered":"Kontakt"},"content":{"rendered":"<section class=\"l-section wpb_row height_medium\"><div class=\"l-section-h i-cf\"><div class=\"g-cols vc_row via_flex valign_top type_default stacking_default\"><div class=\"vc_col-sm-8 wpb_column vc_column_container\"><div class=\"vc_column-inner\"><div class=\"wpb_wrapper\"><div id=\"ultimate-heading-946469e5aff52bfd1\" class=\"uvc-heading ult-adjust-bottom-margin ultimate-heading-946469e5aff52bfd1 uvc-3777 \" data-hspacer=\"no_spacer\"  data-halign=\"left\" style=\"text-align:left\"><div class=\"uvc-heading-spacer no_spacer\" style=\"top\"><\/div><div class=\"uvc-main-heading ult-responsive\"  data-ultimate-target='.uvc-heading.ultimate-heading-946469e5aff52bfd1 h2'  data-responsive-json-new='{\"font-size\":\"desktop:30px;\",\"line-height\":\"\"}' ><h2 style=\"font-weight:normal;\">Kontakt<\/h2><\/div><div class=\"uvc-sub-heading ult-responsive\"  data-ultimate-target='.uvc-heading.ultimate-heading-946469e5aff52bfd1 .uvc-sub-heading '  data-responsive-json-new='{\"font-size\":\"\",\"line-height\":\"\"}'  style=\"font-weight:normal;\">\n<p style=\"text-align: left;\">Die schnellste, effektivste und verl\u00e4sslichste Form mit mir in Kontakt zu treten ist eine email bzw. eine Nachricht \u00fcber das Kontaktformular. In der Regel reagiere ich auf emails innerhalb von 24 Stunden.<\/p>\n<p style=\"text-align: left;\">Eine telefonische Kontaktaufnahme ist selbstverst\u00e4ndlich auch m\u00f6glich, jedoch bin ich aufgrund von Beratungen oder anderen Terminen h\u00e4ufig nicht direkt erreichbar. R\u00fcckrufe erfolgen voraussichtlich in den\u00a0 Abendstunden ab ca. 18 Uhr bis sp\u00e4testens 20 Uhr.<\/p>\n<\/div><\/div><form class=\"w-form  us-field-style_1 layout_ver show_message_after_sending for_cform us_form_1\" action=\"https:\/\/michaela-andergassen.de\/ma\/ma\/wp-json\/wp\/v2\/pages\/897\" method=\"post\"><div class=\"w-form-h\"><div class=\"w-form-row for_text has_label required with_icon\">\r\n\t\t\t<div class=\"w-form-row-label\">\r\n\t\t\t<span>Name *<\/span>\r\n\t\t<\/div>\r\n\t\t<div class=\"w-form-row-field\">\r\n\t\t\t\t<i class=\"material-icons\">person<\/i>\t\t<input aria-label=\"Name\" type=\"text\" name=\"us_form_1_text_1\" value placeholder data-required=\"true\" aria-required=\"true\"\/>\r\n\t\t\t<\/div>\r\n\t\t<div class=\"w-form-row-state\">Bitte f\u00fcllen Sie dieses Feld aus.<\/div>\r\n<\/div>\r\n<div class=\"w-form-row for_text has_label required with_icon\">\r\n\t\t\t<div class=\"w-form-row-label\">\r\n\t\t\t<span>E-Mail *<\/span>\r\n\t\t<\/div>\r\n\t\t<div class=\"w-form-row-field\">\r\n\t\t\t\t<i class=\"material-icons\">email<\/i>\t\t<input aria-label=\"E-Mail\" type=\"text\" name=\"us_form_1_text_2\" value placeholder data-required=\"true\" aria-required=\"true\"\/>\r\n\t\t\t<\/div>\r\n\t\t<div class=\"w-form-row-state\">Bitte f\u00fcllen Sie dieses Feld aus.<\/div>\r\n<\/div>\r\n<div class=\"w-form-row for_text has_label required with_icon\">\r\n\t\t\t<div class=\"w-form-row-label\">\r\n\t\t\t<span>Telefonnummer *<\/span>\r\n\t\t<\/div>\r\n\t\t<div class=\"w-form-row-field\">\r\n\t\t\t\t<i class=\"material-icons\">phone<\/i>\t\t<input aria-label=\"Telefonnummer\" type=\"text\" name=\"us_form_1_text_3\" value placeholder data-required=\"true\" aria-required=\"true\"\/>\r\n\t\t\t<\/div>\r\n\t\t<div class=\"w-form-row-state\">Bitte f\u00fcllen Sie dieses Feld aus.<\/div>\r\n<\/div>\r\n<div class=\"w-form-row for_textarea has_label required with_icon\">\r\n\t\t\t<div class=\"w-form-row-label\">\r\n\t\t\t<span>Nachricht *<\/span>\r\n\t\t<\/div>\r\n\t\t<div class=\"w-form-row-field\">\r\n\t\t\t\t<i class=\"material-icons\">create<\/i>\t\t<textarea aria-label=\"Nachricht\" name=\"us_form_1_textarea_1\" placeholder data-required=\"true\" aria-required=\"true\"><\/textarea>\r\n\t\t\t<\/div>\r\n\t\t<div class=\"w-form-row-state\">Bitte f\u00fcllen Sie dieses Feld aus.<\/div>\r\n<\/div>\r\n<input type=\"hidden\" name=\"action\" value=\"us_ajax_cform\" \/>\r\n<input type=\"hidden\" name=\"post_id\" value=\"0\" \/>\r\n<input type=\"hidden\" name=\"form_index\" value=\"1\" \/>\r\n<div class=\"w-form-row for_submit align_none\">\r\n\t<button class=\"w-btn  us-btn-style_3\" aria-label=\"Nachricht senden\" type=\"submit\">\r\n\t\t<span class=\"g-preloader type_1\"><\/span>\r\n\t\t\t\t<span class=\"w-btn-label\">Nachricht senden<\/span>\r\n\t\t\t<\/button>\r\n\t<\/div>\r\n<\/div><div class=\"w-form-message\"><\/div><div class=\"w-form-json hidden\" onclick='return {&quot;ajaxurl&quot;:&quot;https:\\\/\\\/michaela-andergassen.de\\\/ma\\\/wp-admin\\\/admin-ajax.php&quot;,&quot;messages&quot;:{&quot;err_empty&quot;:&quot;Bitte f\\u00fcllen Sie dieses Feld aus.&quot;,&quot;err_size&quot;:&quot;Die Dateigr\\u00f6\\u00dfe darf %s MB nicht \\u00fcberschreiten&quot;,&quot;err_extension&quot;:&quot;Dateityp %s ist nicht zul\\u00e4ssig&quot;,&quot;err_recaptcha_keys&quot;:&quot;reCAPTCHA-Schl\\u00fcssel sind fehlerhaft&quot;}}'><\/div><\/form><\/div><\/div><\/div><div class=\"vc_col-sm-4 wpb_column vc_column_container\"><div class=\"vc_column-inner\"><div class=\"wpb_wrapper\"><div class=\"w-image align_none\"><div class=\"w-image-h\"><img decoding=\"async\" width=\"766\" height=\"833\" src=\"https:\/\/michaela-andergassen.de\/ma\/wp-content\/uploads\/2017\/01\/Michaela-Andergassen-HandinHand-1.jpg\" class=\"attachment-large size-large\" alt=\"Michaela Andergassen Kontakt\" loading=\"lazy\" srcset=\"https:\/\/michaela-andergassen.de\/ma\/wp-content\/uploads\/2017\/01\/Michaela-Andergassen-HandinHand-1.jpg 766w, https:\/\/michaela-andergassen.de\/ma\/wp-content\/uploads\/2017\/01\/Michaela-Andergassen-HandinHand-1-276x300.jpg 276w, https:\/\/michaela-andergassen.de\/ma\/wp-content\/uploads\/2017\/01\/Michaela-Andergassen-HandinHand-1-600x652.jpg 600w\" sizes=\"auto, (max-width: 766px) 100vw, 766px\" \/><\/div><\/div><div class=\"wpb_text_column\"><div class=\"wpb_wrapper\"><p>Michaela Andergassen<br \/>\nWassergasse 13<br \/>\n93176 Beratzhausen<br \/>\n(keine M\u00f6glichkeit von Pr\u00e4senzcoachings an diesem Standort,<br \/>\nPr\u00e4senzcoachings ausschlie\u00dflich in<br \/>\nLandshut, Maybachstra\u00dfe 8 und<br \/>\nIngolstadt, Ludwigstra\u00dfe 5)<\/p>\n<p>email: info@michaela-andergassen.de<br \/>\nTel. 01575\/ 24 76 810<\/p>\n<\/div><\/div><\/div><\/div><\/div><\/div><\/div><\/section><section class=\"l-section wpb_row height_medium\"><div class=\"l-section-h i-cf\"><div class=\"g-cols vc_row via_flex valign_top type_default stacking_default\"><div class=\"vc_col-sm-12 wpb_column vc_column_container\"><div class=\"vc_column-inner\"><div class=\"wpb_wrapper\"><div class=\"w-separator size_medium\"><\/div><div class=\"wpb_text_column\"><div class=\"wpb_wrapper\"><p>Coachings in Pr\u00e4senz finden ausschlie\u00dflich \u00fcber AVGS-Gutschein und den Tr\u00e4ger ATV-Seminare an den Standorten Landshut und Ingolstadt statt. Virtuelle Coachings biete ich \u00fcber die Plattformen zoom oder MS Teams an.<\/p>\n<\/div><\/div><\/div><\/div><\/div><\/div><\/div><\/section>\n","protected":false},"excerpt":{"rendered":"Kontakt Die schnellste, effektivste und verl\u00e4sslichste Form mit mir in Kontakt zu treten ist eine email bzw. eine Nachricht \u00fcber das Kontaktformular. In der Regel reagiere ich auf emails innerhalb von 24 Stunden. Eine telefonische Kontaktaufnahme ist selbstverst\u00e4ndlich auch m\u00f6glich, jedoch bin ich aufgrund von Beratungen oder anderen Terminen h\u00e4ufig nicht direkt erreichbar. R\u00fcckrufe erfolgen...","protected":false},"author":2,"featured_media":0,"parent":0,"menu_order":0,"comment_status":"closed","ping_status":"closed","template":"","meta":{"footnotes":""},"class_list":["post-897","page","type-page","status-publish","hentry"],"yoast_head":"<!-- This site is optimized with the Yoast SEO plugin v27.1.1 - https:\/\/yoast.com\/product\/yoast-seo-wordpress\/ -->\n<title>Kontakt | Michaela Andergassen - Coaching f\u00fcr Neupositionierung<\/title>\n<meta name=\"description\" content=\"Kontakt Michaela Andergassen Coaching berufliche Neupositionierung Pr\u00e4senz und online Coaching Karriere AVGS Ma\u00dfnahme\" \/>\n<meta name=\"robots\" content=\"index, follow, max-snippet:-1, max-image-preview:large, max-video-preview:-1\" \/>\n<link rel=\"canonical\" href=\"https:\/\/michaela-andergassen.de\/ma\/kontakt\/\" \/>\n<meta property=\"og:locale\" content=\"de_DE\" \/>\n<meta property=\"og:type\" content=\"article\" \/>\n<meta property=\"og:title\" content=\"Kontakt | Michaela Andergassen - Coaching f\u00fcr Neupositionierung\" \/>\n<meta property=\"og:description\" content=\"Kontakt Michaela Andergassen Coaching berufliche Neupositionierung Pr\u00e4senz und online Coaching Karriere AVGS Ma\u00dfnahme\" \/>\n<meta property=\"og:url\" content=\"https:\/\/michaela-andergassen.de\/ma\/kontakt\/\" \/>\n<meta property=\"og:site_name\" content=\"Michaela Andergassen - Coaching f\u00fcr Neupositionierung\" \/>\n<meta property=\"article:modified_time\" content=\"2023-11-20T15:30:13+00:00\" \/>\n<meta name=\"twitter:card\" content=\"summary_large_image\" \/>\n<meta name=\"twitter:site\" content=\"@andergassen_me\" \/>\n<meta name=\"twitter:label1\" content=\"Gesch\u00e4tzte Lesezeit\" \/>\n\t<meta name=\"twitter:data1\" content=\"1\u00a0Minute\" \/>\n<script type=\"application\/ld+json\" class=\"yoast-schema-graph\">{\"@context\":\"https:\/\/schema.org\",\"@graph\":[{\"@type\":\"WebPage\",\"@id\":\"https:\/\/michaela-andergassen.de\/ma\/kontakt\/\",\"url\":\"https:\/\/michaela-andergassen.de\/ma\/kontakt\/\",\"name\":\"Kontakt | Michaela Andergassen - Coaching f\u00fcr Neupositionierung\",\"isPartOf\":{\"@id\":\"https:\/\/michaela-andergassen.de\/ma\/#website\"},\"datePublished\":\"2015-11-28T05:41:58+00:00\",\"dateModified\":\"2023-11-20T15:30:13+00:00\",\"description\":\"Kontakt Michaela Andergassen Coaching berufliche Neupositionierung Pr\u00e4senz und online Coaching Karriere AVGS Ma\u00dfnahme\",\"breadcrumb\":{\"@id\":\"https:\/\/michaela-andergassen.de\/ma\/kontakt\/#breadcrumb\"},\"inLanguage\":\"de\",\"potentialAction\":[{\"@type\":\"ReadAction\",\"target\":[\"https:\/\/michaela-andergassen.de\/ma\/kontakt\/\"]}]},{\"@type\":\"BreadcrumbList\",\"@id\":\"https:\/\/michaela-andergassen.de\/ma\/kontakt\/#breadcrumb\",\"itemListElement\":[{\"@type\":\"ListItem\",\"position\":1,\"name\":\"Startseite\",\"item\":\"https:\/\/michaela-andergassen.de\/ma\/\"},{\"@type\":\"ListItem\",\"position\":2,\"name\":\"Kontakt\"}]},{\"@type\":\"WebSite\",\"@id\":\"https:\/\/michaela-andergassen.de\/ma\/#website\",\"url\":\"https:\/\/michaela-andergassen.de\/ma\/\",\"name\":\"Michaela Andergassen - Coaching f\u00fcr Neupositionierung\",\"description\":\"Coaching f\u00fcr Berufliche Neupositionierung, Karriereberatung, Bewerbungscoaching, AVGS Coaching\",\"publisher\":{\"@id\":\"https:\/\/michaela-andergassen.de\/ma\/#organization\"},\"potentialAction\":[{\"@type\":\"SearchAction\",\"target\":{\"@type\":\"EntryPoint\",\"urlTemplate\":\"https:\/\/michaela-andergassen.de\/ma\/?s={search_term_string}\"},\"query-input\":{\"@type\":\"PropertyValueSpecification\",\"valueRequired\":true,\"valueName\":\"search_term_string\"}}],\"inLanguage\":\"de\"},{\"@type\":\"Organization\",\"@id\":\"https:\/\/michaela-andergassen.de\/ma\/#organization\",\"name\":\"Michaela Andergassen\",\"url\":\"https:\/\/michaela-andergassen.de\/ma\/\",\"logo\":{\"@type\":\"ImageObject\",\"inLanguage\":\"de\",\"@id\":\"https:\/\/michaela-andergassen.de\/ma\/#\/schema\/logo\/image\/\",\"url\":\"https:\/\/michaela-andergassen.de\/ma\/wp-content\/uploads\/2016\/11\/Logo-400x187px.png\",\"contentUrl\":\"https:\/\/michaela-andergassen.de\/ma\/wp-content\/uploads\/2016\/11\/Logo-400x187px.png\",\"width\":400,\"height\":187,\"caption\":\"Michaela Andergassen\"},\"image\":{\"@id\":\"https:\/\/michaela-andergassen.de\/ma\/#\/schema\/logo\/image\/\"},\"sameAs\":[\"https:\/\/x.com\/andergassen_me\",\"https:\/\/de.linkedin.com\/in\/michaela-andergassen-07248226\"]}]}<\/script>\n<!-- \/ Yoast SEO plugin. -->","yoast_head_json":{"title":"Kontakt | Michaela Andergassen - Coaching f\u00fcr Neupositionierung","description":"Kontakt Michaela Andergassen Coaching berufliche Neupositionierung Pr\u00e4senz und online Coaching Karriere AVGS Ma\u00dfnahme","robots":{"index":"index","follow":"follow","max-snippet":"max-snippet:-1","max-image-preview":"max-image-preview:large","max-video-preview":"max-video-preview:-1"},"canonical":"https:\/\/michaela-andergassen.de\/ma\/kontakt\/","og_locale":"de_DE","og_type":"article","og_title":"Kontakt | Michaela Andergassen - Coaching f\u00fcr Neupositionierung","og_description":"Kontakt Michaela Andergassen Coaching berufliche Neupositionierung Pr\u00e4senz und online Coaching Karriere AVGS Ma\u00dfnahme","og_url":"https:\/\/michaela-andergassen.de\/ma\/kontakt\/","og_site_name":"Michaela Andergassen - Coaching f\u00fcr Neupositionierung","article_modified_time":"2023-11-20T15:30:13+00:00","twitter_card":"summary_large_image","twitter_site":"@andergassen_me","twitter_misc":{"Gesch\u00e4tzte Lesezeit":"1\u00a0Minute"},"schema":{"@context":"https:\/\/schema.org","@graph":[{"@type":"WebPage","@id":"https:\/\/michaela-andergassen.de\/ma\/kontakt\/","url":"https:\/\/michaela-andergassen.de\/ma\/kontakt\/","name":"Kontakt | Michaela Andergassen - Coaching f\u00fcr Neupositionierung","isPartOf":{"@id":"https:\/\/michaela-andergassen.de\/ma\/#website"},"datePublished":"2015-11-28T05:41:58+00:00","dateModified":"2023-11-20T15:30:13+00:00","description":"Kontakt Michaela Andergassen Coaching berufliche Neupositionierung Pr\u00e4senz und online Coaching Karriere AVGS Ma\u00dfnahme","breadcrumb":{"@id":"https:\/\/michaela-andergassen.de\/ma\/kontakt\/#breadcrumb"},"inLanguage":"de","potentialAction":[{"@type":"ReadAction","target":["https:\/\/michaela-andergassen.de\/ma\/kontakt\/"]}]},{"@type":"BreadcrumbList","@id":"https:\/\/michaela-andergassen.de\/ma\/kontakt\/#breadcrumb","itemListElement":[{"@type":"ListItem","position":1,"name":"Startseite","item":"https:\/\/michaela-andergassen.de\/ma\/"},{"@type":"ListItem","position":2,"name":"Kontakt"}]},{"@type":"WebSite","@id":"https:\/\/michaela-andergassen.de\/ma\/#website","url":"https:\/\/michaela-andergassen.de\/ma\/","name":"Michaela Andergassen - Coaching f\u00fcr Neupositionierung","description":"Coaching f\u00fcr Berufliche Neupositionierung, Karriereberatung, Bewerbungscoaching, AVGS Coaching","publisher":{"@id":"https:\/\/michaela-andergassen.de\/ma\/#organization"},"potentialAction":[{"@type":"SearchAction","target":{"@type":"EntryPoint","urlTemplate":"https:\/\/michaela-andergassen.de\/ma\/?s={search_term_string}"},"query-input":{"@type":"PropertyValueSpecification","valueRequired":true,"valueName":"search_term_string"}}],"inLanguage":"de"},{"@type":"Organization","@id":"https:\/\/michaela-andergassen.de\/ma\/#organization","name":"Michaela Andergassen","url":"https:\/\/michaela-andergassen.de\/ma\/","logo":{"@type":"ImageObject","inLanguage":"de","@id":"https:\/\/michaela-andergassen.de\/ma\/#\/schema\/logo\/image\/","url":"https:\/\/michaela-andergassen.de\/ma\/wp-content\/uploads\/2016\/11\/Logo-400x187px.png","contentUrl":"https:\/\/michaela-andergassen.de\/ma\/wp-content\/uploads\/2016\/11\/Logo-400x187px.png","width":400,"height":187,"caption":"Michaela Andergassen"},"image":{"@id":"https:\/\/michaela-andergassen.de\/ma\/#\/schema\/logo\/image\/"},"sameAs":["https:\/\/x.com\/andergassen_me","https:\/\/de.linkedin.com\/in\/michaela-andergassen-07248226"]}]}},"_links":{"self":[{"href":"https:\/\/michaela-andergassen.de\/ma\/wp-json\/wp\/v2\/pages\/897","targetHints":{"allow":["GET"]}}],"collection":[{"href":"https:\/\/michaela-andergassen.de\/ma\/wp-json\/wp\/v2\/pages"}],"about":[{"href":"https:\/\/michaela-andergassen.de\/ma\/wp-json\/wp\/v2\/types\/page"}],"author":[{"embeddable":true,"href":"https:\/\/michaela-andergassen.de\/ma\/wp-json\/wp\/v2\/users\/2"}],"replies":[{"embeddable":true,"href":"https:\/\/michaela-andergassen.de\/ma\/wp-json\/wp\/v2\/comments?post=897"}],"version-history":[{"count":30,"href":"https:\/\/michaela-andergassen.de\/ma\/wp-json\/wp\/v2\/pages\/897\/revisions"}],"predecessor-version":[{"id":24355,"href":"https:\/\/michaela-andergassen.de\/ma\/wp-json\/wp\/v2\/pages\/897\/revisions\/24355"}],"wp:attachment":[{"href":"https:\/\/michaela-andergassen.de\/ma\/wp-json\/wp\/v2\/media?parent=897"}],"curies":[{"name":"wp","href":"https:\/\/api.w.org\/{rel}","templated":true}]}}